{"id":18,"date":"2026-04-20T07:23:37","date_gmt":"2026-04-20T07:23:37","guid":{"rendered":"http:\/\/neu.telconet.ch\/?page_id=18"},"modified":"2026-04-27T09:50:39","modified_gmt":"2026-04-27T07:50:39","slug":"telefonie","status":"publish","type":"page","link":"https:\/\/telconet.ch\/index.php\/telefonie\/","title":{"rendered":"Telefonie"},"content":{"rendered":"\n<div class=\"wp-block-group alignfull has-background has-global-padding is-layout-constrained wp-container-core-group-is-layout-b25a5c1b wp-block-group-is-layout-constrained\" style=\"background-color:#0d2a4e;padding-top:40px;padding-bottom:50px\">\n<p class=\"has-text-color\" style=\"color:#cc2222;font-size:0.75rem;font-weight:700;letter-spacing:2px\">TELEFONIE \u2013 MASSGESCHNEIDERTE ANGEBOTE, GANZ AUF DIE KUNDENBED\u00dcRFNISSE ABGESTIMMT.<\/p>\n\n\n\n<div style=\"height:16px\" aria-hidden=\"true\" class=\"wp-block-spacer\"><\/div>\n\n\n\n<div class=\"wp-block-columns alignwide is-layout-flex wp-container-core-columns-is-layout-00723822 wp-block-columns-is-layout-flex\">\n<div class=\"wp-block-column is-layout-flow wp-block-column-is-layout-flow\" style=\"flex-basis:55%\">\n<h1 class=\"wp-block-heading has-text-color\" style=\"color:#ffffff;font-size:clamp(1.648rem, 1.648rem + ((1vw - 0.2rem) * 1.807), 2.8rem);font-weight:800;line-height:1.15\">Unsere Telefoniel\u00f6sung ist ideal f\u00fcr Ihr Unternehmen.<\/h1>\n<\/div>\n\n\n\n<div class=\"wp-block-column is-layout-flow wp-block-column-is-layout-flow\" style=\"flex-basis:45%\">\n<figure class=\"wp-block-image size-large has-custom-border\"><img loading=\"lazy\" decoding=\"async\" width=\"1024\" height=\"621\" src=\"http:\/\/telconet.ch\/wp-content\/uploads\/2026\/04\/sak_telefon_kmu-1-.5667ef72-1024x621.jpg\" alt=\"\" class=\"wp-image-83\" style=\"border-radius:8px\" srcset=\"https:\/\/telconet.ch\/wp-content\/uploads\/2026\/04\/sak_telefon_kmu-1-.5667ef72-1024x621.jpg 1024w, https:\/\/telconet.ch\/wp-content\/uploads\/2026\/04\/sak_telefon_kmu-1-.5667ef72-300x182.jpg 300w, https:\/\/telconet.ch\/wp-content\/uploads\/2026\/04\/sak_telefon_kmu-1-.5667ef72-768x466.jpg 768w, https:\/\/telconet.ch\/wp-content\/uploads\/2026\/04\/sak_telefon_kmu-1-.5667ef72-1536x932.jpg 1536w, https:\/\/telconet.ch\/wp-content\/uploads\/2026\/04\/sak_telefon_kmu-1-.5667ef72-2048x1242.jpg 2048w\" sizes=\"auto, (max-width: 1024px) 100vw, 1024px\" \/><\/figure>\n<\/div>\n<\/div>\n\n\n\n<p class=\"has-text-color\" style=\"color:#c8d8e8;font-size:clamp(0.875rem, 0.875rem + ((1vw - 0.2rem) * 0.118), 0.95rem);line-height:1.7\">Egal ob Sie viele Anrufe t\u00e4tigen, oder selbst viel angerufen werden. Dazu ben\u00f6tigen Sie bei der VPBX-L\u00f6sung nicht einmal eine eigene Infrastruktur. \u00dcber SIP-Clients wie z.B. Zoiper k\u00f6nnen Sie auch jedes Handy Ihrer Mitarbeiter in die Kommunikationsl\u00f6sung integrieren und individuell ansprechen.<\/p>\n<\/div>\n\n\n\n<div class=\"wp-block-group alignfull has-background has-global-padding is-layout-constrained wp-container-core-group-is-layout-94ff31dc wp-block-group-is-layout-constrained\" style=\"background-color:#ffffff;padding-top:60px;padding-bottom:60px\">\n<p class=\"has-text-align-center has-text-color\" style=\"color:#cc2222;font-size:0.85rem;font-weight:700;letter-spacing:2px\">L\u00d6SUNGEN<\/p>\n\n\n\n<h2 class=\"wp-block-heading has-text-align-center has-text-color\" style=\"color:#0d2a4e;font-size:clamp(1.198rem, 1.198rem + ((1vw - 0.2rem) * 1.101), 1.9rem);font-weight:700;line-height:1.3\">Telefoniel\u00f6sungen f\u00fcr Ihr Unternehmen<\/h2>\n\n\n\n<div style=\"height:36px\" aria-hidden=\"true\" class=\"wp-block-spacer\"><\/div>\n\n\n\n<div class=\"wp-block-columns alignwide is-layout-flex wp-container-core-columns-is-layout-6885ed49 wp-block-columns-is-layout-flex\">\n<div class=\"wp-block-column is-layout-flow wp-block-column-is-layout-flow\">\n<div class=\"wp-block-group has-background is-vertical is-layout-flex wp-container-core-group-is-layout-7f4ec32f wp-block-group-is-layout-flex\" style=\"border-radius:6px;border-top-color:#cc2222;border-top-width:3px;background-color:#e8f2ff;padding-top:28px;padding-right:24px;padding-bottom:28px;padding-left:24px\">\n<h3 class=\"wp-block-heading has-text-color\" style=\"color:#0d2a4e;font-size:clamp(0.875rem, 0.875rem + ((1vw - 0.2rem) * 0.353), 1.1rem);font-weight:700\">Telefonie<\/h3>\n\n\n\n<p class=\"has-text-color\" style=\"color:#4a6080;font-size:clamp(0.875rem, 0.875rem + ((1vw - 0.2rem) * 0.071), 0.92rem);line-height:1.6\">Unsere Angebote bieten Ihnen \u201epay-as-you-phone&#187; \u2013 bezahlen Sie nur f\u00fcr die effektive Nutzung. Wir beraten Sie umfassend bei der Auswahl der optimalen Tarife f\u00fcr Ihr Unternehmen.<\/p>\n<\/div>\n<\/div>\n\n\n\n<div class=\"wp-block-column is-layout-flow wp-block-column-is-layout-flow\">\n<div class=\"wp-block-group has-background is-vertical is-layout-flex wp-container-core-group-is-layout-7f4ec32f wp-block-group-is-layout-flex\" style=\"border-radius:6px;border-top-color:#cc2222;border-top-width:3px;background-color:#e8f2ff;padding-top:28px;padding-right:24px;padding-bottom:28px;padding-left:24px\">\n<h3 class=\"wp-block-heading has-text-color\" style=\"color:#0d2a4e;font-size:clamp(0.875rem, 0.875rem + ((1vw - 0.2rem) * 0.353), 1.1rem);font-weight:700\">VPBX<\/h3>\n\n\n\n<p class=\"has-text-color\" style=\"color:#4a6080;font-size:clamp(0.875rem, 0.875rem + ((1vw - 0.2rem) * 0.071), 0.92rem);line-height:1.6\">Die Virtual PBX (VPBX) ist die flexible Kommunikationsl\u00f6sung aus der Cloud. Sie ben\u00f6tigen keine eigene Infrastruktur und k\u00f6nnen Standorte sowie Homeoffice-Arbeitspl\u00e4tze einfach anbinden.<\/p>\n<\/div>\n<\/div>\n\n\n\n<div class=\"wp-block-column is-layout-flow wp-block-column-is-layout-flow\">\n<div class=\"wp-block-group has-background is-vertical is-layout-flex wp-container-core-group-is-layout-7f4ec32f wp-block-group-is-layout-flex\" style=\"border-radius:6px;border-top-color:#cc2222;border-top-width:3px;background-color:#e8f2ff;padding-top:28px;padding-right:24px;padding-bottom:28px;padding-left:24px\">\n<h3 class=\"wp-block-heading has-text-color\" style=\"color:#0d2a4e;font-size:clamp(0.875rem, 0.875rem + ((1vw - 0.2rem) * 0.353), 1.1rem);font-weight:700\">Trunk-L\u00f6sung<\/h3>\n\n\n\n<p class=\"has-text-color\" style=\"color:#4a6080;font-size:clamp(0.875rem, 0.875rem + ((1vw - 0.2rem) * 0.071), 0.92rem);line-height:1.6\">Mit unserer SIP-Trunk-L\u00f6sung vernetzen Sie Ihre bestehende Telefonanlage mit der Zukunft. Profitieren Sie von hoher Skalierbarkeit und erstklassiger Sprachqualit\u00e4t f\u00fcr Ihr Business.<\/p>\n<\/div>\n<\/div>\n<\/div>\n<\/div>\n\n\n\n<div class=\"wp-block-group alignfull has-background has-global-padding is-layout-constrained wp-container-core-group-is-layout-94ff31dc wp-block-group-is-layout-constrained\" style=\"background-color:#0d2a4e;padding-top:60px;padding-bottom:60px\">\n<p class=\"has-text-color\" style=\"color:#cc2222;font-size:0.85rem;font-weight:700;letter-spacing:2px\">VORTEILE<\/p>\n\n\n\n<h2 class=\"wp-block-heading has-text-color\" style=\"color:#ffffff;font-size:clamp(1.146rem, 1.146rem + ((1vw - 0.2rem) * 1.026), 1.8rem);font-weight:800;letter-spacing:2px\">NUTZEN &amp; VORTEILE<\/h2>\n\n\n\n<div style=\"height:28px\" aria-hidden=\"true\" class=\"wp-block-spacer\"><\/div>\n\n\n\n<div class=\"wp-block-columns alignwide is-layout-flex wp-container-core-columns-is-layout-7d354784 wp-block-columns-is-layout-flex\">\n<div class=\"wp-block-column is-layout-flow wp-block-column-is-layout-flow\">\n<div class=\"wp-block-group has-background is-layout-flow wp-block-group-is-layout-flow\" style=\"border-radius:6px;border-left-color:#cc2222;border-left-width:3px;background-color:rgba(255,255,255,0.08);padding-top:20px;padding-right:20px;padding-bottom:20px;padding-left:20px\">\n<p class=\"has-text-color\" style=\"color:#ffffff;font-size:clamp(0.875rem, 0.875rem + ((1vw - 0.2rem) * 0.118), 0.95rem);font-weight:700\"><span style=\"color:#cc2222;margin-right:8px\">\u2713<\/span> Server und Daten in der Schweiz<br>\u3164<\/p>\n<\/div>\n<\/div>\n\n\n\n<div class=\"wp-block-column is-layout-flow wp-block-column-is-layout-flow\">\n<div class=\"wp-block-group has-background is-layout-flow wp-block-group-is-layout-flow\" style=\"border-radius:6px;border-left-color:#cc2222;border-left-width:3px;background-color:rgba(255,255,255,0.08);padding-top:20px;padding-right:20px;padding-bottom:20px;padding-left:20px\">\n<p class=\"has-text-color\" style=\"color:#ffffff;font-size:clamp(0.875rem, 0.875rem + ((1vw - 0.2rem) * 0.118), 0.95rem);font-weight:700\"><span style=\"color:#cc2222;margin-right:8px\">\u2713<\/span> Flexible Anpassung der Anzahl der Teilnehmer<\/p>\n<\/div>\n<\/div>\n\n\n\n<div class=\"wp-block-column is-layout-flow wp-block-column-is-layout-flow\">\n<div class=\"wp-block-group has-background is-layout-flow wp-block-group-is-layout-flow\" style=\"border-radius:6px;border-left-color:#cc2222;border-left-width:3px;background-color:rgba(255,255,255,0.08);padding-top:20px;padding-right:20px;padding-bottom:20px;padding-left:20px\">\n<p class=\"has-text-color\" style=\"color:#ffffff;font-size:clamp(0.875rem, 0.875rem + ((1vw - 0.2rem) * 0.118), 0.95rem);font-weight:700\"><span style=\"color:#cc2222;margin-right:8px\">\u2713<\/span> Sekundengenaue Abrechnung<br>\u3164\u3164<\/p>\n<\/div>\n<\/div>\n<\/div>\n\n\n\n<div style=\"height:16px\" aria-hidden=\"true\" class=\"wp-block-spacer\"><\/div>\n\n\n\n<div class=\"wp-block-columns alignwide is-layout-flex wp-container-core-columns-is-layout-7d354784 wp-block-columns-is-layout-flex\">\n<div class=\"wp-block-column is-layout-flow wp-block-column-is-layout-flow\">\n<div class=\"wp-block-group has-background is-layout-flow wp-block-group-is-layout-flow\" style=\"border-radius:6px;border-left-color:#cc2222;border-left-width:3px;background-color:rgba(255,255,255,0.08);padding-top:20px;padding-right:20px;padding-bottom:20px;padding-left:20px\">\n<p class=\"has-text-color\" style=\"color:#ffffff;font-size:clamp(0.875rem, 0.875rem + ((1vw - 0.2rem) * 0.118), 0.95rem);font-weight:700\"><span style=\"color:#cc2222;margin-right:8px\">\u2713<\/span> G\u00fcnstige Flattax-Modelle m\u00f6glich<\/p>\n<\/div>\n<\/div>\n\n\n\n<div class=\"wp-block-column is-layout-flow wp-block-column-is-layout-flow\">\n<div class=\"wp-block-group has-background is-layout-flow wp-block-group-is-layout-flow\" style=\"border-radius:6px;border-left-color:#cc2222;border-left-width:3px;background-color:rgba(255,255,255,0.08);padding-top:20px;padding-right:20px;padding-bottom:20px;padding-left:20px\">\n<p class=\"has-text-color\" style=\"color:#ffffff;font-size:clamp(0.875rem, 0.875rem + ((1vw - 0.2rem) * 0.118), 0.95rem);font-weight:700\"><span style=\"color:#cc2222;margin-right:8px\">\u2713<\/span> Hohe Skalierbarkeit<\/p>\n<\/div>\n<\/div>\n\n\n\n<div class=\"wp-block-column is-layout-flow wp-block-column-is-layout-flow\">\n<div class=\"wp-block-group has-background is-layout-flow wp-block-group-is-layout-flow\" style=\"border-radius:6px;border-left-color:#cc2222;border-left-width:3px;background-color:rgba(255,255,255,0.08);padding-top:20px;padding-right:20px;padding-bottom:20px;padding-left:20px\">\n<p class=\"has-text-color\" style=\"color:#ffffff;font-size:clamp(0.875rem, 0.875rem + ((1vw - 0.2rem) * 0.118), 0.95rem);font-weight:700\"><span style=\"color:#cc2222;margin-right:8px\">\u2713<\/span> Hoher 24\/7-Service-Level<\/p>\n<\/div>\n<\/div>\n<\/div>\n<\/div>\n\n\n\n<div class=\"wp-block-group alignfull has-background has-global-padding is-layout-constrained wp-container-core-group-is-layout-a1fe1db0 wp-block-group-is-layout-constrained\" style=\"background-color:#e8f2ff;padding-top:70px;padding-bottom:70px\">\n<p class=\"has-text-align-center has-text-color\" style=\"color:#cc2222;font-size:0.85rem;font-weight:700;letter-spacing:2px\">SCHWEIZER QUALIT\u00c4T<\/p>\n\n\n\n<h2 class=\"wp-block-heading has-text-align-center has-text-color\" style=\"color:#0d2a4e;font-size:clamp(1.146rem, 1.146rem + ((1vw - 0.2rem) * 1.026), 1.8rem);font-weight:800;letter-spacing:1px;line-height:1.3\">DIE SCHWEIZ: OPTIMALER STANDORT F\u00dcR IHRE TELEFONIE<\/h2>\n\n\n\n<div style=\"height:20px\" aria-hidden=\"true\" class=\"wp-block-spacer\"><\/div>\n\n\n\n<p class=\"has-text-align-center has-text-color\" style=\"color:#4a6080;font-size:clamp(0.875rem, 0.875rem + ((1vw - 0.2rem) * 0.196), 1rem);line-height:1.8\">Der Standort Schweiz steht f\u00fcr h\u00f6chste Sicherheit, Stabilit\u00e4t und erstklassige Infrastruktur. Ihre Telefonie-Daten werden in modernen Schweizer Rechenzentren gespeichert, was maximale Datensouver\u00e4nit\u00e4t und Schutz nach strengen lokalen Richtlinien garantiert.<\/p>\n\n\n\n<div style=\"height:24px\" aria-hidden=\"true\" class=\"wp-block-spacer\"><\/div>\n\n\n\n<div class=\"wp-block-buttons is-content-justification-center is-layout-flex wp-container-core-buttons-is-layout-a89b3969 wp-block-buttons-is-layout-flex\">\n<div class=\"wp-block-button\"><a class=\"wp-block-button__link has-text-color has-background wp-element-button\" href=\"\/index.php\/kontakt\" style=\"border-radius:6px;color:#ffffff;background-color:#cc2222;padding-top:14px;padding-right:36px;padding-bottom:14px;padding-left:36px\">Kontaktieren Sie uns<\/a><\/div>\n<\/div>\n<\/div>\n","protected":false},"excerpt":{"rendered":"<p>TELEFONIE \u2013 MASSGESCHNEIDERTE ANGEBOTE, GANZ AUF DIE KUNDENBED\u00dcRFNISSE ABGESTIMMT. Unsere Telefoniel\u00f6sung ist ideal f\u00fcr Ihr Unternehmen. Egal ob Sie viele Anrufe t\u00e4tigen, oder selbst viel angerufen werden. Dazu ben\u00f6tigen Sie bei der VPBX-L\u00f6sung nicht einmal eine eigene Infrastruktur. \u00dcber SIP-Clients wie z.B. Zoiper k\u00f6nnen Sie auch jedes Handy Ihrer Mitarbeiter in die Kommunikationsl\u00f6sung integrieren und [&hellip;]<\/p>\n","protected":false},"author":1,"featured_media":0,"parent":0,"menu_order":0,"comment_status":"closed","ping_status":"closed","template":"","meta":{"footnotes":""},"class_list":["post-18","page","type-page","status-publish","hentry"],"yoast_head":"<!-- This site is optimized with the Yoast SEO plugin v27.5 - https:\/\/yoast.com\/product\/yoast-seo-wordpress\/ -->\n<title>Telefonie - Telconet<\/title>\n<meta name=\"robots\" content=\"index, follow, max-snippet:-1, max-image-preview:large, max-video-preview:-1\" \/>\n<link rel=\"canonical\" href=\"https:\/\/telconet.ch\/index.php\/telefonie\/\" \/>\n<meta property=\"og:locale\" content=\"de_DE\" \/>\n<meta property=\"og:type\" content=\"article\" \/>\n<meta property=\"og:title\" content=\"Telefonie - Telconet\" \/>\n<meta property=\"og:description\" content=\"TELEFONIE \u2013 MASSGESCHNEIDERTE ANGEBOTE, GANZ AUF DIE KUNDENBED\u00dcRFNISSE ABGESTIMMT. Unsere Telefoniel\u00f6sung ist ideal f\u00fcr Ihr Unternehmen. Egal ob Sie viele Anrufe t\u00e4tigen, oder selbst viel angerufen werden. Dazu ben\u00f6tigen Sie bei der VPBX-L\u00f6sung nicht einmal eine eigene Infrastruktur. \u00dcber SIP-Clients wie z.B. Zoiper k\u00f6nnen Sie auch jedes Handy Ihrer Mitarbeiter in die Kommunikationsl\u00f6sung integrieren und [&hellip;]\" \/>\n<meta property=\"og:url\" content=\"https:\/\/telconet.ch\/index.php\/telefonie\/\" \/>\n<meta property=\"og:site_name\" content=\"Telconet\" \/>\n<meta property=\"article:modified_time\" content=\"2026-04-27T07:50:39+00:00\" \/>\n<meta property=\"og:image\" content=\"https:\/\/telconet.ch\/wp-content\/uploads\/2026\/04\/sak_telefon_kmu-1-.5667ef72-scaled.jpg?wsr\" \/>\n\t<meta property=\"og:image:width\" content=\"2560\" \/>\n\t<meta property=\"og:image:height\" content=\"1553\" \/>\n\t<meta property=\"og:image:type\" content=\"image\/jpeg\" \/>\n<meta name=\"twitter:card\" content=\"summary_large_image\" \/>\n<meta name=\"twitter:label1\" content=\"Gesch\u00e4tzte Lesezeit\" \/>\n\t<meta name=\"twitter:data1\" content=\"1\u00a0Minute\" \/>\n<script type=\"application\/ld+json\" class=\"yoast-schema-graph\">{\"@context\":\"https:\\\/\\\/schema.org\",\"@graph\":[{\"@type\":\"WebPage\",\"@id\":\"https:\\\/\\\/telconet.ch\\\/index.php\\\/telefonie\\\/\",\"url\":\"https:\\\/\\\/telconet.ch\\\/index.php\\\/telefonie\\\/\",\"name\":\"Telefonie - Telconet\",\"isPartOf\":{\"@id\":\"https:\\\/\\\/telconet.ch\\\/#website\"},\"primaryImageOfPage\":{\"@id\":\"https:\\\/\\\/telconet.ch\\\/index.php\\\/telefonie\\\/#primaryimage\"},\"image\":{\"@id\":\"https:\\\/\\\/telconet.ch\\\/index.php\\\/telefonie\\\/#primaryimage\"},\"thumbnailUrl\":\"http:\\\/\\\/telconet.ch\\\/wp-content\\\/uploads\\\/2026\\\/04\\\/sak_telefon_kmu-1-.5667ef72-1024x621.jpg\",\"datePublished\":\"2026-04-20T07:23:37+00:00\",\"dateModified\":\"2026-04-27T07:50:39+00:00\",\"breadcrumb\":{\"@id\":\"https:\\\/\\\/telconet.ch\\\/index.php\\\/telefonie\\\/#breadcrumb\"},\"inLanguage\":\"de-CH\",\"potentialAction\":[{\"@type\":\"ReadAction\",\"target\":[\"https:\\\/\\\/telconet.ch\\\/index.php\\\/telefonie\\\/\"]}]},{\"@type\":\"ImageObject\",\"inLanguage\":\"de-CH\",\"@id\":\"https:\\\/\\\/telconet.ch\\\/index.php\\\/telefonie\\\/#primaryimage\",\"url\":\"https:\\\/\\\/telconet.ch\\\/wp-content\\\/uploads\\\/2026\\\/04\\\/sak_telefon_kmu-1-.5667ef72-scaled.jpg?wsr\",\"contentUrl\":\"https:\\\/\\\/telconet.ch\\\/wp-content\\\/uploads\\\/2026\\\/04\\\/sak_telefon_kmu-1-.5667ef72-scaled.jpg?wsr\",\"width\":2560,\"height\":1553},{\"@type\":\"BreadcrumbList\",\"@id\":\"https:\\\/\\\/telconet.ch\\\/index.php\\\/telefonie\\\/#breadcrumb\",\"itemListElement\":[{\"@type\":\"ListItem\",\"position\":1,\"name\":\"Startseite\",\"item\":\"https:\\\/\\\/telconet.ch\\\/\"},{\"@type\":\"ListItem\",\"position\":2,\"name\":\"Telefonie\"}]},{\"@type\":\"WebSite\",\"@id\":\"https:\\\/\\\/telconet.ch\\\/#website\",\"url\":\"https:\\\/\\\/telconet.ch\\\/\",\"name\":\"Telconet AG\",\"description\":\"\",\"publisher\":{\"@id\":\"https:\\\/\\\/telconet.ch\\\/#organization\"},\"potentialAction\":[{\"@type\":\"SearchAction\",\"target\":{\"@type\":\"EntryPoint\",\"urlTemplate\":\"https:\\\/\\\/telconet.ch\\\/?s={search_term_string}\"},\"query-input\":{\"@type\":\"PropertyValueSpecification\",\"valueRequired\":true,\"valueName\":\"search_term_string\"}}],\"inLanguage\":\"de-CH\"},{\"@type\":\"Organization\",\"@id\":\"https:\\\/\\\/telconet.ch\\\/#organization\",\"name\":\"Telconet AG\",\"url\":\"https:\\\/\\\/telconet.ch\\\/\",\"logo\":{\"@type\":\"ImageObject\",\"inLanguage\":\"de-CH\",\"@id\":\"https:\\\/\\\/telconet.ch\\\/#\\\/schema\\\/logo\\\/image\\\/\",\"url\":\"https:\\\/\\\/telconet.ch\\\/wp-content\\\/uploads\\\/2026\\\/04\\\/telconet_logo_mit-claim-in-rot-gerade-schmal.png\",\"contentUrl\":\"https:\\\/\\\/telconet.ch\\\/wp-content\\\/uploads\\\/2026\\\/04\\\/telconet_logo_mit-claim-in-rot-gerade-schmal.png\",\"width\":1000,\"height\":268,\"caption\":\"Telconet AG\"},\"image\":{\"@id\":\"https:\\\/\\\/telconet.ch\\\/#\\\/schema\\\/logo\\\/image\\\/\"}}]}<\/script>\n<!-- \/ Yoast SEO plugin. -->","yoast_head_json":{"title":"Telefonie - Telconet","robots":{"index":"index","follow":"follow","max-snippet":"max-snippet:-1","max-image-preview":"max-image-preview:large","max-video-preview":"max-video-preview:-1"},"canonical":"https:\/\/telconet.ch\/index.php\/telefonie\/","og_locale":"de_DE","og_type":"article","og_title":"Telefonie - Telconet","og_description":"TELEFONIE \u2013 MASSGESCHNEIDERTE ANGEBOTE, GANZ AUF DIE KUNDENBED\u00dcRFNISSE ABGESTIMMT. Unsere Telefoniel\u00f6sung ist ideal f\u00fcr Ihr Unternehmen. Egal ob Sie viele Anrufe t\u00e4tigen, oder selbst viel angerufen werden. Dazu ben\u00f6tigen Sie bei der VPBX-L\u00f6sung nicht einmal eine eigene Infrastruktur. \u00dcber SIP-Clients wie z.B. Zoiper k\u00f6nnen Sie auch jedes Handy Ihrer Mitarbeiter in die Kommunikationsl\u00f6sung integrieren und [&hellip;]","og_url":"https:\/\/telconet.ch\/index.php\/telefonie\/","og_site_name":"Telconet","article_modified_time":"2026-04-27T07:50:39+00:00","og_image":[{"width":2560,"height":1553,"url":"https:\/\/telconet.ch\/wp-content\/uploads\/2026\/04\/sak_telefon_kmu-1-.5667ef72-scaled.jpg?wsr","type":"image\/jpeg"}],"twitter_card":"summary_large_image","twitter_misc":{"Gesch\u00e4tzte Lesezeit":"1\u00a0Minute"},"schema":{"@context":"https:\/\/schema.org","@graph":[{"@type":"WebPage","@id":"https:\/\/telconet.ch\/index.php\/telefonie\/","url":"https:\/\/telconet.ch\/index.php\/telefonie\/","name":"Telefonie - Telconet","isPartOf":{"@id":"https:\/\/telconet.ch\/#website"},"primaryImageOfPage":{"@id":"https:\/\/telconet.ch\/index.php\/telefonie\/#primaryimage"},"image":{"@id":"https:\/\/telconet.ch\/index.php\/telefonie\/#primaryimage"},"thumbnailUrl":"http:\/\/telconet.ch\/wp-content\/uploads\/2026\/04\/sak_telefon_kmu-1-.5667ef72-1024x621.jpg","datePublished":"2026-04-20T07:23:37+00:00","dateModified":"2026-04-27T07:50:39+00:00","breadcrumb":{"@id":"https:\/\/telconet.ch\/index.php\/telefonie\/#breadcrumb"},"inLanguage":"de-CH","potentialAction":[{"@type":"ReadAction","target":["https:\/\/telconet.ch\/index.php\/telefonie\/"]}]},{"@type":"ImageObject","inLanguage":"de-CH","@id":"https:\/\/telconet.ch\/index.php\/telefonie\/#primaryimage","url":"https:\/\/telconet.ch\/wp-content\/uploads\/2026\/04\/sak_telefon_kmu-1-.5667ef72-scaled.jpg?wsr","contentUrl":"https:\/\/telconet.ch\/wp-content\/uploads\/2026\/04\/sak_telefon_kmu-1-.5667ef72-scaled.jpg?wsr","width":2560,"height":1553},{"@type":"BreadcrumbList","@id":"https:\/\/telconet.ch\/index.php\/telefonie\/#breadcrumb","itemListElement":[{"@type":"ListItem","position":1,"name":"Startseite","item":"https:\/\/telconet.ch\/"},{"@type":"ListItem","position":2,"name":"Telefonie"}]},{"@type":"WebSite","@id":"https:\/\/telconet.ch\/#website","url":"https:\/\/telconet.ch\/","name":"Telconet AG","description":"","publisher":{"@id":"https:\/\/telconet.ch\/#organization"},"potentialAction":[{"@type":"SearchAction","target":{"@type":"EntryPoint","urlTemplate":"https:\/\/telconet.ch\/?s={search_term_string}"},"query-input":{"@type":"PropertyValueSpecification","valueRequired":true,"valueName":"search_term_string"}}],"inLanguage":"de-CH"},{"@type":"Organization","@id":"https:\/\/telconet.ch\/#organization","name":"Telconet AG","url":"https:\/\/telconet.ch\/","logo":{"@type":"ImageObject","inLanguage":"de-CH","@id":"https:\/\/telconet.ch\/#\/schema\/logo\/image\/","url":"https:\/\/telconet.ch\/wp-content\/uploads\/2026\/04\/telconet_logo_mit-claim-in-rot-gerade-schmal.png","contentUrl":"https:\/\/telconet.ch\/wp-content\/uploads\/2026\/04\/telconet_logo_mit-claim-in-rot-gerade-schmal.png","width":1000,"height":268,"caption":"Telconet AG"},"image":{"@id":"https:\/\/telconet.ch\/#\/schema\/logo\/image\/"}}]}},"jetpack_sharing_enabled":true,"_links":{"self":[{"href":"https:\/\/telconet.ch\/index.php\/wp-json\/wp\/v2\/pages\/18","targetHints":{"allow":["GET"]}}],"collection":[{"href":"https:\/\/telconet.ch\/index.php\/wp-json\/wp\/v2\/pages"}],"about":[{"href":"https:\/\/telconet.ch\/index.php\/wp-json\/wp\/v2\/types\/page"}],"author":[{"embeddable":true,"href":"https:\/\/telconet.ch\/index.php\/wp-json\/wp\/v2\/users\/1"}],"replies":[{"embeddable":true,"href":"https:\/\/telconet.ch\/index.php\/wp-json\/wp\/v2\/comments?post=18"}],"version-history":[{"count":3,"href":"https:\/\/telconet.ch\/index.php\/wp-json\/wp\/v2\/pages\/18\/revisions"}],"predecessor-version":[{"id":309,"href":"https:\/\/telconet.ch\/index.php\/wp-json\/wp\/v2\/pages\/18\/revisions\/309"}],"wp:attachment":[{"href":"https:\/\/telconet.ch\/index.php\/wp-json\/wp\/v2\/media?parent=18"}],"curies":[{"name":"wp","href":"https:\/\/api.w.org\/{rel}","templated":true}]}}