{"id":14,"date":"2026-04-20T07:22:46","date_gmt":"2026-04-20T07:22:46","guid":{"rendered":"http:\/\/neu.telconet.ch\/?page_id=14"},"modified":"2026-04-30T15:15:48","modified_gmt":"2026-04-30T13:15:48","slug":"netzwerk","status":"publish","type":"page","link":"https:\/\/telconet.ch\/index.php\/netzwerk\/","title":{"rendered":"Netzwerk"},"content":{"rendered":"\n<div class=\"wp-block-cover alignfull\" style=\"padding-top:60px;padding-bottom:60px;min-height:420px;aspect-ratio:unset;\"><img decoding=\"async\" class=\"wp-block-cover__image-background wp-image-37 size-large\" alt=\"\" src=\"https:\/\/telconetch.wordpress.com\/wp-content\/uploads\/2026\/04\/93b9b2e2-58ca-4a81-afee-df93d1527dc1.png?w=683\" data-object-fit=\"cover\"\/><span aria-hidden=\"true\" class=\"wp-block-cover__background has-background-dim-60 has-background-dim\" style=\"background-color:#0d2a4e\"><\/span><div class=\"wp-block-cover__inner-container is-layout-flow wp-block-cover-is-layout-flow\">\n<div class=\"wp-block-group has-global-padding is-layout-constrained wp-container-core-group-is-layout-f36bc466 wp-block-group-is-layout-constrained\">\n<p class=\"has-text-color\" style=\"color:#cc2222;font-size:0.85rem;font-weight:700;letter-spacing:2px\">NETZWERK<\/p>\n\n\n\n<h1 class=\"wp-block-heading has-text-color\" style=\"color:#ffffff;font-size:clamp(1.743rem, 1.743rem + ((1vw - 0.2rem) * 1.972), 3rem);font-weight:800;letter-spacing:2px;line-height:1.2\">NETZWERK<\/h1>\n\n\n\n<p class=\"has-text-color\" style=\"color:#ffffff;font-size:clamp(0.929rem, 0.929rem + ((1vw - 0.2rem) * 0.739), 1.4rem);font-weight:600;line-height:1.5\">Wir verbinden Standorte und Mitarbeitende mit schnellem Internet und sicheren VPN-L\u00f6sungen passend f\u00fcr Ihr Unternehmen.<\/p>\n\n\n\n<p class=\"has-text-color\" style=\"color:#c8d8e8;font-size:clamp(0.875rem, 0.875rem + ((1vw - 0.2rem) * 0.039), 0.9rem);line-height:1.6\">NETZWERK \u2013 Immer die schnellste Verbindung ins Internet und passende Angebote wie VPN, Leased Line und hoher Servicelevel.<\/p>\n<\/div>\n<\/div><\/div>\n\n\n<p><!-- CONNECTIVITY SERVICES --><\/p>\n\n\n<div class=\"wp-block-group alignfull has-background has-global-padding is-layout-constrained wp-container-core-group-is-layout-94ff31dc wp-block-group-is-layout-constrained\" style=\"background-color:#ffffff;padding-top:60px;padding-bottom:60px\">\n<p class=\"has-text-align-center has-text-color\" style=\"color:#cc2222;font-size:0.85rem;font-weight:700;letter-spacing:2px\">SERVICES<\/p>\n\n\n\n<h2 class=\"wp-block-heading has-text-align-center has-text-color\" style=\"color:#0d2a4e;font-size:clamp(1.146rem, 1.146rem + ((1vw - 0.2rem) * 1.026), 1.8rem);font-weight:800;letter-spacing:2px\">CONNECTIVITY SERVICES<\/h2>\n\n\n\n<div style=\"height:30px\" aria-hidden=\"true\" class=\"wp-block-spacer\"><\/div>\n\n\n\n<div class=\"wp-block-columns alignwide is-layout-flex wp-container-core-columns-is-layout-6885ed49 wp-block-columns-is-layout-flex\">\n<div class=\"wp-block-column is-layout-flow wp-block-column-is-layout-flow\">\n<div class=\"wp-block-group has-background is-vertical is-layout-flex wp-container-core-group-is-layout-7f4ec32f wp-block-group-is-layout-flex\" style=\"border-radius:6px;border-top-color:#cc2222;border-top-width:3px;background-color:#e8f2ff;padding-top:28px;padding-right:24px;padding-bottom:28px;padding-left:24px\">\n<h3 class=\"wp-block-heading has-text-color\" style=\"color:#0d2a4e;font-size:clamp(0.875rem, 0.875rem + ((1vw - 0.2rem) * 0.353), 1.1rem);font-weight:700\">Breitbandanschl\u00fcsse<\/h3>\n\n\n\n<p class=\"has-text-color\" style=\"color:#4a6080;font-size:clamp(0.875rem, 0.875rem + ((1vw - 0.2rem) * 0.071), 0.92rem);line-height:1.6\">Leistungsstarke und zuverl\u00e4ssige Internetanschl\u00fcsse \u00fcber DSL oder Glasfaser (FTTH). Wir finden die passende Bandbreite f\u00fcr Ihre gesch\u00e4ftlichen Anforderungen und garantieren eine stabile Anbindung an das World Wide Web.<\/p>\n<\/div>\n<\/div>\n\n\n\n<div class=\"wp-block-column is-layout-flow wp-block-column-is-layout-flow\">\n<div class=\"wp-block-group has-background is-vertical is-layout-flex wp-container-core-group-is-layout-7f4ec32f wp-block-group-is-layout-flex\" style=\"border-radius:6px;border-top-color:#cc2222;border-top-width:3px;background-color:#e8f2ff;padding-top:28px;padding-right:24px;padding-bottom:28px;padding-left:24px\">\n<h3 class=\"wp-block-heading has-text-color\" style=\"color:#0d2a4e;font-size:clamp(0.875rem, 0.875rem + ((1vw - 0.2rem) * 0.353), 1.1rem);font-weight:700\">Leased Lines<\/h3>\n\n\n\n<p class=\"has-text-color\" style=\"color:#4a6080;font-size:clamp(0.875rem, 0.875rem + ((1vw - 0.2rem) * 0.071), 0.92rem);line-height:1.6\">Dedizierte Standleitungen f\u00fcr h\u00f6chste Anspr\u00fcche an Performanz und Ausfallsicherheit. Mit symmetrischen Up- und Downstream-Raten sowie strengen SLAs bieten wir die ideale L\u00f6sung f\u00fcr datenintensive Gesch\u00e4ftsprozesse.<\/p>\n<\/div>\n<\/div>\n\n\n\n<div class=\"wp-block-column is-layout-flow wp-block-column-is-layout-flow\">\n<div class=\"wp-block-group has-background is-vertical is-layout-flex wp-container-core-group-is-layout-7f4ec32f wp-block-group-is-layout-flex\" style=\"border-radius:6px;border-top-color:#cc2222;border-top-width:3px;background-color:#e8f2ff;padding-top:28px;padding-right:24px;padding-bottom:28px;padding-left:24px\">\n<h3 class=\"wp-block-heading has-text-color\" style=\"color:#0d2a4e;font-size:clamp(0.875rem, 0.875rem + ((1vw - 0.2rem) * 0.353), 1.1rem);font-weight:700\">VPN (Virtual Private Network)<\/h3>\n\n\n\n<p class=\"has-text-color\" style=\"color:#4a6080;font-size:clamp(0.875rem, 0.875rem + ((1vw - 0.2rem) * 0.071), 0.92rem);line-height:1.6\">Sichere und verschl\u00fcsselte Vernetzung Ihrer Standorte und Home-Office-Arbeitspl\u00e4tze. Unsere VPN-L\u00f6sungen sch\u00fctzen Ihre Kommunikation und erm\u00f6glichen einen reibungslosen Zugriff auf interne Ressourcen \u00fcber geschlossene Netzwerke.<\/p>\n<\/div>\n<\/div>\n<\/div>\n<\/div>\n\n\n<p><!-- SPEEDTEST --><\/p>\n\n\n<div class=\"wp-block-group alignfull has-background has-global-padding is-layout-constrained wp-container-core-group-is-layout-0d4d1352 wp-block-group-is-layout-constrained\" style=\"background-color:#f0f4f8;padding-top:60px;padding-bottom:60px\">\n<p class=\"has-text-align-center has-text-color\" style=\"color:#cc2222;font-size:0.85rem;font-weight:700;letter-spacing:2px\">TOOL<\/p>\n\n\n\n<h2 class=\"wp-block-heading has-text-align-center has-text-color\" style=\"color:#0d2a4e;font-size:clamp(1.146rem, 1.146rem + ((1vw - 0.2rem) * 1.026), 1.8rem);font-weight:800;letter-spacing:1px\">INTERNET-GESCHWINDIGKEIT TESTEN<\/h2>\n\n\n\n<p class=\"has-text-align-center has-text-color\" style=\"color:#4a6080;font-size:clamp(0.875rem, 0.875rem + ((1vw - 0.2rem) * 0.118), 0.95rem);line-height:1.7\">Testen Sie jetzt Ihre aktuelle Internetgeschwindigkeit direkt hier.<\/p>\n\n\n\n<div style=\"height:24px\" aria-hidden=\"true\" class=\"wp-block-spacer\"><\/div>\n\n\n\n<div class=\"tc-speedtest\">\n  <div class=\"tc-header\">\n    <div class=\"tc-logo-text\">\n      <span class=\"tc-logo-name\">TELCONET<\/span>\n      <span class=\"tc-logo-sub\">Information and Communication Technology<\/span>\n    <\/div>\n    <div class=\"tc-badge\">\u26a1 Speedtest<\/div>\n  <\/div>\n  <div class=\"tc-iframe-wrap\" id=\"tc-wrap\">\n    <div class=\"tc-start-screen\" id=\"tc-start\">\n      <p>Klicken Sie auf den Button um den Test zu starten<\/p>\n      <button class=\"tc-start-btn\" onclick=\"\n        document.getElementById('tc-start').style.display='none';\n        var f=document.createElement('iframe');\n        f.src='https:\/\/fast.com';\n        f.allow='autoplay';\n        f.title='Telconet Speedtest';\n        document.getElementById('tc-wrap').appendChild(f);\n      \">Test starten<\/button>\n    <\/div>\n  <\/div>\n  <div class=\"tc-footer\">\n    <span class=\"tc-footer-note\">Gemessen \u00fcber <span>Telconet AG<\/span> \u00b7 Glattbrugg, Schweiz<\/span>\n    <span class=\"tc-powered\">Powered by fast.com<\/span>\n  <\/div>\n<\/div>\n<\/div>\n\n\n<p><!-- NUTZEN & VORTEILE --><\/p>\n\n\n<div class=\"wp-block-group alignfull has-background has-global-padding is-layout-constrained wp-container-core-group-is-layout-94ff31dc wp-block-group-is-layout-constrained\" style=\"background-color:#0d2a4e;padding-top:60px;padding-bottom:60px\">\n<div class=\"wp-block-columns alignwide is-layout-flex wp-container-core-columns-is-layout-114a0905 wp-block-columns-is-layout-flex\">\n<div class=\"wp-block-column is-layout-flow wp-block-column-is-layout-flow\" style=\"padding-top:10px;flex-basis:35%\">\n<p class=\"has-text-color\" style=\"color:#cc2222;font-size:0.85rem;font-weight:700;letter-spacing:2px\">VORTEILE<\/p>\n\n\n\n<h2 class=\"wp-block-heading has-text-color\" style=\"color:#ffffff;font-size:clamp(1.352rem, 1.352rem + ((1vw - 0.2rem) * 1.33), 2.2rem);font-weight:800;letter-spacing:1px;line-height:1.2\">NUTZEN &amp;<br>VORTEILE<\/h2>\n<\/div>\n\n\n\n<div class=\"wp-block-column is-layout-flow wp-block-column-is-layout-flow\" style=\"flex-basis:65%\">\n<ul style=\"color:#c8d8e8;padding-left:20px;font-size:clamp(0.875rem, 0.875rem + ((1vw - 0.2rem) * 0.196), 1rem);\" class=\"wp-block-list has-text-color\">\n<li>Zugangspunkt in der Schweiz<\/li>\n\n\n\n<li>Sichere und schnelle Internet-Anbindung<\/li>\n\n\n\n<li>Standortvernetzungen<\/li>\n\n\n\n<li>Hohe Skalierbarkeit<\/li>\n\n\n\n<li>Flexible L\u00f6sungen<\/li>\n\n\n\n<li>Fixe IP-Adressen<\/li>\n\n\n\n<li>Sichere Kommunikation \u00fcber geschlossene Netzwerke<\/li>\n<\/ul>\n<\/div>\n<\/div>\n<\/div>\n\n\n<p><!-- DIE SCHWEIZ --><\/p>\n\n\n<div class=\"wp-block-group alignfull has-background has-global-padding is-layout-constrained wp-container-core-group-is-layout-a1fe1db0 wp-block-group-is-layout-constrained\" style=\"background-color:#e8f2ff;padding-top:70px;padding-bottom:70px\">\n<p class=\"has-text-align-center has-text-color\" style=\"color:#cc2222;font-size:0.85rem;font-weight:700;letter-spacing:2px\">SCHWEIZER QUALIT\u00c4T<\/p>\n\n\n\n<h2 class=\"wp-block-heading has-text-align-center has-text-color\" style=\"color:#0d2a4e;font-size:clamp(1.146rem, 1.146rem + ((1vw - 0.2rem) * 1.026), 1.8rem);font-weight:800;letter-spacing:1px;line-height:1.3\">DIE SCHWEIZ: OPTIMALER STANDORT F\u00dcR IHR NETZWERK<\/h2>\n\n\n\n<div style=\"height:20px\" aria-hidden=\"true\" class=\"wp-block-spacer\"><\/div>\n\n\n\n<p class=\"has-text-align-center has-text-color\" style=\"color:#4a6080;font-size:clamp(0.875rem, 0.875rem + ((1vw - 0.2rem) * 0.196), 1rem);line-height:1.8\">Die Schweiz bietet als Standort f\u00fcr Ihre Netzwerkinfrastruktur unschlagbare Vorteile: Politische Stabilit\u00e4t, h\u00f6chste Sicherheitsstandards und eine erstklassige Anbindung an die globalen Datenknotenpunkte. Profitieren Sie von einer Infrastruktur, die auf Zuverl\u00e4ssigkeit und Diskretion ausgelegt ist, um Ihre gesch\u00e4ftskritischen Daten sicher und performant zu \u00fcbertragen.<\/p>\n\n\n\n<div style=\"height:24px\" aria-hidden=\"true\" class=\"wp-block-spacer\"><\/div>\n\n\n\n<div class=\"wp-block-buttons is-content-justification-center is-layout-flex wp-container-core-buttons-is-layout-a89b3969 wp-block-buttons-is-layout-flex\">\n<div class=\"wp-block-button\"><a class=\"wp-block-button__link has-text-color has-background wp-element-button\" href=\"\/index.php\/kontakt\" style=\"border-radius:6px;color:#ffffff;background-color:#cc2222;padding-top:14px;padding-right:36px;padding-bottom:14px;padding-left:36px\">Kontaktieren Sie uns<\/a><\/div>\n<\/div>\n<\/div>\n","protected":false},"excerpt":{"rendered":"<p>SERVICES CONNECTIVITY SERVICES Breitbandanschl\u00fcsse Leistungsstarke und zuverl\u00e4ssige Internetanschl\u00fcsse \u00fcber DSL oder Glasfaser (FTTH). Wir finden die passende Bandbreite f\u00fcr Ihre gesch\u00e4ftlichen Anforderungen und garantieren eine stabile Anbindung an das World Wide Web. Leased Lines Dedizierte Standleitungen f\u00fcr h\u00f6chste Anspr\u00fcche an Performanz und Ausfallsicherheit. Mit symmetrischen Up- und Downstream-Raten sowie strengen SLAs bieten wir die ideale [&hellip;]<\/p>\n","protected":false},"author":1,"featured_media":0,"parent":0,"menu_order":0,"comment_status":"closed","ping_status":"closed","template":"","meta":{"footnotes":""},"class_list":["post-14","page","type-page","status-publish","hentry"],"yoast_head":"<!-- This site is optimized with the Yoast SEO plugin v27.5 - https:\/\/yoast.com\/product\/yoast-seo-wordpress\/ -->\n<title>Netzwerk - Telconet<\/title>\n<meta name=\"robots\" content=\"index, follow, max-snippet:-1, max-image-preview:large, max-video-preview:-1\" \/>\n<link rel=\"canonical\" href=\"https:\/\/telconet.ch\/index.php\/netzwerk\/\" \/>\n<meta property=\"og:locale\" content=\"de_DE\" \/>\n<meta property=\"og:type\" content=\"article\" \/>\n<meta property=\"og:title\" content=\"Netzwerk - Telconet\" \/>\n<meta property=\"og:description\" content=\"SERVICES CONNECTIVITY SERVICES Breitbandanschl\u00fcsse Leistungsstarke und zuverl\u00e4ssige Internetanschl\u00fcsse \u00fcber DSL oder Glasfaser (FTTH). Wir finden die passende Bandbreite f\u00fcr Ihre gesch\u00e4ftlichen Anforderungen und garantieren eine stabile Anbindung an das World Wide Web. Leased Lines Dedizierte Standleitungen f\u00fcr h\u00f6chste Anspr\u00fcche an Performanz und Ausfallsicherheit. Mit symmetrischen Up- und Downstream-Raten sowie strengen SLAs bieten wir die ideale [&hellip;]\" \/>\n<meta property=\"og:url\" content=\"https:\/\/telconet.ch\/index.php\/netzwerk\/\" \/>\n<meta property=\"og:site_name\" content=\"Telconet\" \/>\n<meta property=\"article:modified_time\" content=\"2026-04-30T13:15:48+00:00\" \/>\n<meta name=\"twitter:card\" content=\"summary_large_image\" \/>\n<meta name=\"twitter:label1\" content=\"Gesch\u00e4tzte Lesezeit\" \/>\n\t<meta name=\"twitter:data1\" content=\"2\u00a0Minuten\" \/>\n<script type=\"application\/ld+json\" class=\"yoast-schema-graph\">{\"@context\":\"https:\\\/\\\/schema.org\",\"@graph\":[{\"@type\":\"WebPage\",\"@id\":\"https:\\\/\\\/telconet.ch\\\/index.php\\\/netzwerk\\\/\",\"url\":\"https:\\\/\\\/telconet.ch\\\/index.php\\\/netzwerk\\\/\",\"name\":\"Netzwerk - Telconet\",\"isPartOf\":{\"@id\":\"https:\\\/\\\/telconet.ch\\\/#website\"},\"primaryImageOfPage\":{\"@id\":\"https:\\\/\\\/telconet.ch\\\/index.php\\\/netzwerk\\\/#primaryimage\"},\"image\":{\"@id\":\"https:\\\/\\\/telconet.ch\\\/index.php\\\/netzwerk\\\/#primaryimage\"},\"thumbnailUrl\":\"https:\\\/\\\/telconetch.wordpress.com\\\/wp-content\\\/uploads\\\/2026\\\/04\\\/93b9b2e2-58ca-4a81-afee-df93d1527dc1.png?w=683\",\"datePublished\":\"2026-04-20T07:22:46+00:00\",\"dateModified\":\"2026-04-30T13:15:48+00:00\",\"breadcrumb\":{\"@id\":\"https:\\\/\\\/telconet.ch\\\/index.php\\\/netzwerk\\\/#breadcrumb\"},\"inLanguage\":\"de-CH\",\"potentialAction\":[{\"@type\":\"ReadAction\",\"target\":[\"https:\\\/\\\/telconet.ch\\\/index.php\\\/netzwerk\\\/\"]}]},{\"@type\":\"ImageObject\",\"inLanguage\":\"de-CH\",\"@id\":\"https:\\\/\\\/telconet.ch\\\/index.php\\\/netzwerk\\\/#primaryimage\",\"url\":\"https:\\\/\\\/telconetch.wordpress.com\\\/wp-content\\\/uploads\\\/2026\\\/04\\\/93b9b2e2-58ca-4a81-afee-df93d1527dc1.png?w=683\",\"contentUrl\":\"https:\\\/\\\/telconetch.wordpress.com\\\/wp-content\\\/uploads\\\/2026\\\/04\\\/93b9b2e2-58ca-4a81-afee-df93d1527dc1.png?w=683\"},{\"@type\":\"BreadcrumbList\",\"@id\":\"https:\\\/\\\/telconet.ch\\\/index.php\\\/netzwerk\\\/#breadcrumb\",\"itemListElement\":[{\"@type\":\"ListItem\",\"position\":1,\"name\":\"Startseite\",\"item\":\"https:\\\/\\\/telconet.ch\\\/\"},{\"@type\":\"ListItem\",\"position\":2,\"name\":\"Netzwerk\"}]},{\"@type\":\"WebSite\",\"@id\":\"https:\\\/\\\/telconet.ch\\\/#website\",\"url\":\"https:\\\/\\\/telconet.ch\\\/\",\"name\":\"Telconet AG\",\"description\":\"\",\"publisher\":{\"@id\":\"https:\\\/\\\/telconet.ch\\\/#organization\"},\"potentialAction\":[{\"@type\":\"SearchAction\",\"target\":{\"@type\":\"EntryPoint\",\"urlTemplate\":\"https:\\\/\\\/telconet.ch\\\/?s={search_term_string}\"},\"query-input\":{\"@type\":\"PropertyValueSpecification\",\"valueRequired\":true,\"valueName\":\"search_term_string\"}}],\"inLanguage\":\"de-CH\"},{\"@type\":\"Organization\",\"@id\":\"https:\\\/\\\/telconet.ch\\\/#organization\",\"name\":\"Telconet AG\",\"url\":\"https:\\\/\\\/telconet.ch\\\/\",\"logo\":{\"@type\":\"ImageObject\",\"inLanguage\":\"de-CH\",\"@id\":\"https:\\\/\\\/telconet.ch\\\/#\\\/schema\\\/logo\\\/image\\\/\",\"url\":\"https:\\\/\\\/telconet.ch\\\/wp-content\\\/uploads\\\/2026\\\/04\\\/telconet_logo_mit-claim-in-rot-gerade-schmal.png\",\"contentUrl\":\"https:\\\/\\\/telconet.ch\\\/wp-content\\\/uploads\\\/2026\\\/04\\\/telconet_logo_mit-claim-in-rot-gerade-schmal.png\",\"width\":1000,\"height\":268,\"caption\":\"Telconet AG\"},\"image\":{\"@id\":\"https:\\\/\\\/telconet.ch\\\/#\\\/schema\\\/logo\\\/image\\\/\"}}]}<\/script>\n<!-- \/ Yoast SEO plugin. -->","yoast_head_json":{"title":"Netzwerk - Telconet","robots":{"index":"index","follow":"follow","max-snippet":"max-snippet:-1","max-image-preview":"max-image-preview:large","max-video-preview":"max-video-preview:-1"},"canonical":"https:\/\/telconet.ch\/index.php\/netzwerk\/","og_locale":"de_DE","og_type":"article","og_title":"Netzwerk - Telconet","og_description":"SERVICES CONNECTIVITY SERVICES Breitbandanschl\u00fcsse Leistungsstarke und zuverl\u00e4ssige Internetanschl\u00fcsse \u00fcber DSL oder Glasfaser (FTTH). Wir finden die passende Bandbreite f\u00fcr Ihre gesch\u00e4ftlichen Anforderungen und garantieren eine stabile Anbindung an das World Wide Web. Leased Lines Dedizierte Standleitungen f\u00fcr h\u00f6chste Anspr\u00fcche an Performanz und Ausfallsicherheit. Mit symmetrischen Up- und Downstream-Raten sowie strengen SLAs bieten wir die ideale [&hellip;]","og_url":"https:\/\/telconet.ch\/index.php\/netzwerk\/","og_site_name":"Telconet","article_modified_time":"2026-04-30T13:15:48+00:00","twitter_card":"summary_large_image","twitter_misc":{"Gesch\u00e4tzte Lesezeit":"2\u00a0Minuten"},"schema":{"@context":"https:\/\/schema.org","@graph":[{"@type":"WebPage","@id":"https:\/\/telconet.ch\/index.php\/netzwerk\/","url":"https:\/\/telconet.ch\/index.php\/netzwerk\/","name":"Netzwerk - Telconet","isPartOf":{"@id":"https:\/\/telconet.ch\/#website"},"primaryImageOfPage":{"@id":"https:\/\/telconet.ch\/index.php\/netzwerk\/#primaryimage"},"image":{"@id":"https:\/\/telconet.ch\/index.php\/netzwerk\/#primaryimage"},"thumbnailUrl":"https:\/\/telconetch.wordpress.com\/wp-content\/uploads\/2026\/04\/93b9b2e2-58ca-4a81-afee-df93d1527dc1.png?w=683","datePublished":"2026-04-20T07:22:46+00:00","dateModified":"2026-04-30T13:15:48+00:00","breadcrumb":{"@id":"https:\/\/telconet.ch\/index.php\/netzwerk\/#breadcrumb"},"inLanguage":"de-CH","potentialAction":[{"@type":"ReadAction","target":["https:\/\/telconet.ch\/index.php\/netzwerk\/"]}]},{"@type":"ImageObject","inLanguage":"de-CH","@id":"https:\/\/telconet.ch\/index.php\/netzwerk\/#primaryimage","url":"https:\/\/telconetch.wordpress.com\/wp-content\/uploads\/2026\/04\/93b9b2e2-58ca-4a81-afee-df93d1527dc1.png?w=683","contentUrl":"https:\/\/telconetch.wordpress.com\/wp-content\/uploads\/2026\/04\/93b9b2e2-58ca-4a81-afee-df93d1527dc1.png?w=683"},{"@type":"BreadcrumbList","@id":"https:\/\/telconet.ch\/index.php\/netzwerk\/#breadcrumb","itemListElement":[{"@type":"ListItem","position":1,"name":"Startseite","item":"https:\/\/telconet.ch\/"},{"@type":"ListItem","position":2,"name":"Netzwerk"}]},{"@type":"WebSite","@id":"https:\/\/telconet.ch\/#website","url":"https:\/\/telconet.ch\/","name":"Telconet AG","description":"","publisher":{"@id":"https:\/\/telconet.ch\/#organization"},"potentialAction":[{"@type":"SearchAction","target":{"@type":"EntryPoint","urlTemplate":"https:\/\/telconet.ch\/?s={search_term_string}"},"query-input":{"@type":"PropertyValueSpecification","valueRequired":true,"valueName":"search_term_string"}}],"inLanguage":"de-CH"},{"@type":"Organization","@id":"https:\/\/telconet.ch\/#organization","name":"Telconet AG","url":"https:\/\/telconet.ch\/","logo":{"@type":"ImageObject","inLanguage":"de-CH","@id":"https:\/\/telconet.ch\/#\/schema\/logo\/image\/","url":"https:\/\/telconet.ch\/wp-content\/uploads\/2026\/04\/telconet_logo_mit-claim-in-rot-gerade-schmal.png","contentUrl":"https:\/\/telconet.ch\/wp-content\/uploads\/2026\/04\/telconet_logo_mit-claim-in-rot-gerade-schmal.png","width":1000,"height":268,"caption":"Telconet AG"},"image":{"@id":"https:\/\/telconet.ch\/#\/schema\/logo\/image\/"}}]}},"jetpack_sharing_enabled":true,"_links":{"self":[{"href":"https:\/\/telconet.ch\/index.php\/wp-json\/wp\/v2\/pages\/14","targetHints":{"allow":["GET"]}}],"collection":[{"href":"https:\/\/telconet.ch\/index.php\/wp-json\/wp\/v2\/pages"}],"about":[{"href":"https:\/\/telconet.ch\/index.php\/wp-json\/wp\/v2\/types\/page"}],"author":[{"embeddable":true,"href":"https:\/\/telconet.ch\/index.php\/wp-json\/wp\/v2\/users\/1"}],"replies":[{"embeddable":true,"href":"https:\/\/telconet.ch\/index.php\/wp-json\/wp\/v2\/comments?post=14"}],"version-history":[{"count":6,"href":"https:\/\/telconet.ch\/index.php\/wp-json\/wp\/v2\/pages\/14\/revisions"}],"predecessor-version":[{"id":366,"href":"https:\/\/telconet.ch\/index.php\/wp-json\/wp\/v2\/pages\/14\/revisions\/366"}],"wp:attachment":[{"href":"https:\/\/telconet.ch\/index.php\/wp-json\/wp\/v2\/media?parent=14"}],"curies":[{"name":"wp","href":"https:\/\/api.w.org\/{rel}","templated":true}]}}